{"id":5282,"date":"2023-09-08T16:02:39","date_gmt":"2023-09-08T16:02:39","guid":{"rendered":"https:\/\/www.hotelnapoleon.it\/angebote\/"},"modified":"2024-03-12T08:51:53","modified_gmt":"2024-03-12T08:51:53","slug":"angebote","status":"publish","type":"page","link":"https:\/\/www.hotelnapoleon.it\/de\/angebote\/","title":{"rendered":"Angebote"},"content":{"rendered":"\t\t<div data-elementor-type=\"wp-page\" data-elementor-id=\"5282\" class=\"elementor elementor-5282 elementor-87\" data-elementor-post-type=\"page\">\n\t\t\t\t\t\t<section class=\"has_eae_slider elementor-section elementor-top-section elementor-element elementor-element-51737b3b elementor-hidden-tablet elementor-hidden-mobile elementor-section-full_width elementor-section-height-default elementor-section-height-default\" data-eae-slider=\"24873\" data-id=\"51737b3b\" data-element_type=\"section\">\n\t\t\t\t\t\t<div class=\"elementor-container elementor-column-gap-default\">\n\t\t\t\t\t<div class=\"has_eae_slider elementor-column elementor-col-100 elementor-top-column elementor-element elementor-element-3573916a\" data-eae-slider=\"59065\" data-id=\"3573916a\" data-element_type=\"column\">\n\t\t\t<div class=\"elementor-widget-wrap elementor-element-populated\">\n\t\t\t\t\t\t<div class=\"elementor-element elementor-element-37fa1217 elementor-widget__width-auto elementor-widget elementor-widget-shortcode\" data-id=\"37fa1217\" data-element_type=\"widget\" data-widget_type=\"shortcode.default\">\n\t\t\t\t<div class=\"elementor-widget-container\">\n\t\t\t\t\t\t\t<div class=\"elementor-shortcode\">    <div id=\"shortcode-wrapper\">\n        <button id=\"shortcode-button\">\n        Verf\u00fcgbarkeit pr\u00fcfen        \n        <i class=\"fa-light fa-calendar-star\"><\/i><\/button>\n        <div id=\"shortcode-content\">\n            <div id=\"booking-form\" class=\"booking-form\">\r\n\t<div class=\"container\">\r\n\t\t<div id=\"sb-container\"><\/div>\r\n\t<\/div>\r\n<\/div>\r\n\r\n<script type=\"text\/javascript\">\r\n\tjQuery(window).load(function() {\r\n\t\t(function (i, s, o, g, r, a, m) {\r\n\t\t\t\ti['SBSyncroBoxParam'] = r; i[r] = i[r] || function () {\r\n\t\t\t\t\t\t(i[r].q = i[r].q || []).push(arguments)\r\n\t\t\t\t}, i[r].l = 1 * new Date(); a = s.createElement(o),\r\n\t\t\t\tm = s.getElementsByTagName(o)[0]; a.async = 1; a.src = g; m.parentNode.insertBefore(a, m)\r\n\t\t})(window, document, 'script', 'https:\/\/cdn.simplebooking.it\/search-box-script.axd?IDA=7987','SBSyncroBox');\r\n\r\n\t\tSBSyncroBox({\r\n\t\t\tCodLang: 'DE',\r\n\t\t\tAddresses: { HttpHost: \"https:\/\/www.simplebooking.it\" },\r\n\t\t\tStyles: {\r\n\t\t\t\tCustomColor: '#000',\t\/\/colore di tutti i testi interni ai campi\r\n\t\t\t\tCustomBGColor: 'ffffff',\t\/\/Background color di tutto il blocco\r\n\t\t\t\tCustomFieldBackgroundColor: '#fff',\t\/\/Background singoli campi\r\n\t\t\t\tCustomButtonBGColor: '#53B3CB',\t\/\/Background bottone cerca\r\n\t\t\t\tCustomButtonHoverBGColor: '##53B3CB', \/\/Hover bottone cerca\r\n\t\t\t\tCustomIntentSelectionColor: '#000',\t\/\/Hover colore data calendario\r\n\t\t\t\tCustomCalendarBackgroundColor: '#fff',  \/\/Sfondo calendari\r\n\t\t\t\tCustomLabelColor: '#444444', \/\/Colore label sopra ai campi\r\n\t\t\t\tCustomAccentColor: '#4497e9', \/\/Background range selezionato su calendario\r\n\t\t\t\tCustomAccentColorHover: '#1359a0', \/\/Background range selezionato su calendario on hover\r\n\t\t\t\tCustomWidgetBGColor: '#fff', \/\/Background adulti e camera\r\n\t\t\t\tCustomWidgetColor: '#000',\t\/\/Colore testo adulti e camera\r\n\t\t\t\tCustomLinkColor: '#000', \/\/'#4497e9', \/\/Colore testo link\r\n\t\t\t\tCustomBoxShadowColor: '#000',\r\n\t\t\t\tCustomAddRoomBoxShadowColor: '#fff',\r\n\t\t\t\tCustomIconColor: '#53B3CB', \/\/'#4497e9',\t colore icone\r\n\t\t\t\tCustomLabelHoverColor: '#1359a0'\t\/\/hover label\r\n\t\t\t},\r\n\t\t\tReference: \"simplebookingQuote\",\r\n\t\t\tConverto: {\r\n\t\t\t\tInPageContainerId: \"simplebookingQuote\",\r\n\t\t\t\tStyles: {\r\n\t\t\t\t\tCustomBodyBGColor: \"transparent\",\r\n\t\t\t\t\tCustomBGColor: 'transparent'\r\n\t\t\t\t}\r\n\t\t\t}\r\n\t\t});\r\n\t});\r\n<\/script>            <div class=\"div-close-button\">\n                <button id=\"close-button\">\n                Schlie\u00dfen  \n                <i class=\"fa-light fa-xmark\"><\/i><\/button>\n            <\/div>\n        <\/div>\n    <\/div>\n    \n<\/div>\n\t\t\t\t\t\t<\/div>\n\t\t\t\t<\/div>\n\t\t\t\t\t<\/div>\n\t\t<\/div>\n\t\t\t\t\t<\/div>\n\t\t<\/section>\n\t\t\t\t<section class=\"has_eae_slider elementor-section elementor-top-section elementor-element elementor-element-6e60147a elementor-hidden-mobile elementor-section-height-min-height elementor-section-items-stretch elementor-section-boxed elementor-section-height-default elementor-invisible\" data-eae-slider=\"8720\" data-id=\"6e60147a\" data-element_type=\"section\" data-settings=\"{&quot;background_background&quot;:&quot;classic&quot;,&quot;animation&quot;:&quot;slideInDown&quot;,&quot;animation_laptop&quot;:&quot;slideInDown&quot;}\">\n\t\t\t\t\t\t<div class=\"elementor-container elementor-column-gap-default\">\n\t\t\t\t\t<div class=\"has_eae_slider elementor-column elementor-col-100 elementor-top-column elementor-element elementor-element-46c44ad2\" data-eae-slider=\"97358\" data-id=\"46c44ad2\" data-element_type=\"column\" data-settings=\"{&quot;background_background&quot;:&quot;classic&quot;}\">\n\t\t\t<div class=\"elementor-widget-wrap\">\n\t\t\t\t\t\t\t<\/div>\n\t\t<\/div>\n\t\t\t\t\t<\/div>\n\t\t<\/section>\n\t\t\t\t<section class=\"has_eae_slider elementor-section elementor-top-section elementor-element elementor-element-231f46c5 elementor-hidden-mobile elementor-section-height-min-height elementor-section-boxed elementor-section-height-default elementor-section-items-middle\" data-eae-slider=\"85008\" data-id=\"231f46c5\" data-element_type=\"section\" data-settings=\"{&quot;background_background&quot;:&quot;classic&quot;}\">\n\t\t\t\t\t\t<div class=\"elementor-container elementor-column-gap-default\">\n\t\t\t\t\t<div class=\"has_eae_slider elementor-column elementor-col-100 elementor-top-column elementor-element elementor-element-54d374e6\" data-eae-slider=\"74242\" data-id=\"54d374e6\" data-element_type=\"column\" data-settings=\"{&quot;background_background&quot;:&quot;classic&quot;}\">\n\t\t\t<div class=\"elementor-widget-wrap elementor-element-populated\">\n\t\t\t\t\t\t<div class=\"elementor-element elementor-element-56c5c5be elementor-widget elementor-widget-heading\" data-id=\"56c5c5be\" data-element_type=\"widget\" data-widget_type=\"heading.default\">\n\t\t\t\t<div class=\"elementor-widget-container\">\n\t\t\t\t\t<h1 class=\"elementor-heading-title elementor-size-default\">Hotel Napoleon bietet\n        <\/h1>\t\t\t\t<\/div>\n\t\t\t\t<\/div>\n\t\t\t\t\t<\/div>\n\t\t<\/div>\n\t\t\t\t\t<\/div>\n\t\t<\/section>\n\t\t\t\t<section class=\"has_eae_slider elementor-section elementor-top-section elementor-element elementor-element-7806f61e elementor-hidden-desktop elementor-hidden-laptop elementor-hidden-tablet elementor-section-boxed elementor-section-height-default elementor-section-height-default elementor-invisible\" data-eae-slider=\"96449\" data-id=\"7806f61e\" data-element_type=\"section\" data-settings=\"{&quot;animation&quot;:&quot;slideInDown&quot;,&quot;animation_laptop&quot;:&quot;slideInDown&quot;,&quot;animation_mobile&quot;:&quot;slideInDown&quot;}\">\n\t\t\t\t\t\t<div class=\"elementor-container elementor-column-gap-default\">\n\t\t\t\t\t<div class=\"has_eae_slider elementor-column elementor-col-100 elementor-top-column elementor-element elementor-element-24393039\" data-eae-slider=\"30825\" data-id=\"24393039\" data-element_type=\"column\">\n\t\t\t<div class=\"elementor-widget-wrap elementor-element-populated\">\n\t\t\t\t\t\t<div class=\"elementor-element elementor-element-5f7e759b elementor-widget elementor-widget-image\" data-id=\"5f7e759b\" data-element_type=\"widget\" data-widget_type=\"image.default\">\n\t\t\t\t<div class=\"elementor-widget-container\">\n\t\t\t\t\t\t\t\t\t\t\t\t\t\t\t<img fetchpriority=\"high\" decoding=\"async\" width=\"309\" height=\"427\" src=\"https:\/\/www.hotelnapoleon.it\/wp-content\/uploads\/2023\/09\/Above-the-fold-mobile.png\" class=\"attachment-full size-full wp-image-4359\" alt=\"Hall dell&#039;Hotel Napoleon\" srcset=\"https:\/\/www.hotelnapoleon.it\/wp-content\/uploads\/2023\/09\/Above-the-fold-mobile.png 309w, https:\/\/www.hotelnapoleon.it\/wp-content\/uploads\/2023\/09\/Above-the-fold-mobile-217x300.png 217w\" sizes=\"(max-width: 309px) 100vw, 309px\" \/>\t\t\t\t\t\t\t\t\t\t\t\t\t\t\t<\/div>\n\t\t\t\t<\/div>\n\t\t\t\t\t<\/div>\n\t\t<\/div>\n\t\t\t\t\t<\/div>\n\t\t<\/section>\n\t\t\t\t<section class=\"has_eae_slider elementor-section elementor-top-section elementor-element elementor-element-635ef257 elementor-hidden-desktop elementor-hidden-laptop elementor-hidden-tablet elementor-section-boxed elementor-section-height-default elementor-section-height-default\" data-eae-slider=\"49673\" data-id=\"635ef257\" data-element_type=\"section\" data-settings=\"{&quot;background_background&quot;:&quot;classic&quot;}\">\n\t\t\t\t\t\t<div class=\"elementor-container elementor-column-gap-default\">\n\t\t\t\t\t<div class=\"has_eae_slider elementor-column elementor-col-100 elementor-top-column elementor-element elementor-element-1a5b588e\" data-eae-slider=\"16565\" data-id=\"1a5b588e\" data-element_type=\"column\" data-settings=\"{&quot;background_background&quot;:&quot;classic&quot;}\">\n\t\t\t<div class=\"elementor-widget-wrap elementor-element-populated\">\n\t\t\t\t\t\t<div class=\"elementor-element elementor-element-1fe480d0 elementor-widget elementor-widget-heading\" data-id=\"1fe480d0\" data-element_type=\"widget\" data-widget_type=\"heading.default\">\n\t\t\t\t<div class=\"elementor-widget-container\">\n\t\t\t\t\t<h1 class=\"elementor-heading-title elementor-size-default\">Hotel Napoleon bietet\n        <\/h1>\t\t\t\t<\/div>\n\t\t\t\t<\/div>\n\t\t\t\t\t<\/div>\n\t\t<\/div>\n\t\t\t\t\t<\/div>\n\t\t<\/section>\n\t\t\t\t<section class=\"has_eae_slider elementor-section elementor-top-section elementor-element elementor-element-f1c3ad8 elementor-section-boxed elementor-section-height-default elementor-section-height-default\" data-eae-slider=\"75727\" data-id=\"f1c3ad8\" data-element_type=\"section\">\n\t\t\t\t\t\t<div class=\"elementor-container elementor-column-gap-default\">\n\t\t\t\t\t<div class=\"has_eae_slider elementor-column elementor-col-100 elementor-top-column elementor-element elementor-element-c344a16\" data-eae-slider=\"60122\" data-id=\"c344a16\" data-element_type=\"column\">\n\t\t\t<div class=\"elementor-widget-wrap elementor-element-populated\">\n\t\t\t\t\t\t<div class=\"elementor-element elementor-element-d97c1db elementor-grid-3 elementor-grid-tablet-2 elementor-grid-mobile-1 elementor-widget elementor-widget-loop-grid\" data-id=\"d97c1db\" data-element_type=\"widget\" data-settings=\"{&quot;template_id&quot;:7154,&quot;_skin&quot;:&quot;post&quot;,&quot;columns&quot;:&quot;3&quot;,&quot;columns_tablet&quot;:&quot;2&quot;,&quot;columns_mobile&quot;:&quot;1&quot;,&quot;edit_handle_selector&quot;:&quot;[data-elementor-type=\\&quot;loop-item\\&quot;]&quot;,&quot;row_gap&quot;:{&quot;unit&quot;:&quot;px&quot;,&quot;size&quot;:&quot;&quot;,&quot;sizes&quot;:[]},&quot;row_gap_laptop&quot;:{&quot;unit&quot;:&quot;px&quot;,&quot;size&quot;:&quot;&quot;,&quot;sizes&quot;:[]},&quot;row_gap_tablet_extra&quot;:{&quot;unit&quot;:&quot;px&quot;,&quot;size&quot;:&quot;&quot;,&quot;sizes&quot;:[]},&quot;row_gap_tablet&quot;:{&quot;unit&quot;:&quot;px&quot;,&quot;size&quot;:&quot;&quot;,&quot;sizes&quot;:[]},&quot;row_gap_mobile&quot;:{&quot;unit&quot;:&quot;px&quot;,&quot;size&quot;:&quot;&quot;,&quot;sizes&quot;:[]}}\" data-widget_type=\"loop-grid.post\">\n\t\t\t\t<div class=\"elementor-widget-container\">\n\t\t\t\t\t\t\t<div class=\"e-loop-nothing-found-message\">\n\t\t<\/div>\n\t\t\t\t\t\t<\/div>\n\t\t\t\t<\/div>\n\t\t\t\t\t<\/div>\n\t\t<\/div>\n\t\t\t\t\t<\/div>\n\t\t<\/section>\n\t\t\t\t<\/div>\n\t\t","protected":false},"excerpt":{"rendered":"<p>Hotel Napoleon bietet Hotel Napoleon bietet<\/p>\n","protected":false},"author":2,"featured_media":4722,"parent":0,"menu_order":0,"comment_status":"closed","ping_status":"closed","template":"","meta":{"_acf_changed":false,"footnotes":""},"class_list":["post-5282","page","type-page","status-publish","has-post-thumbnail","hentry"],"acf":[],"yoast_head":"<!-- This site is optimized with the Yoast SEO plugin v26.7 - https:\/\/yoast.com\/wordpress\/plugins\/seo\/ -->\n<title>Hotelangebote f\u00fcr Biker und Motorradfahrer - Hotel Napoleon<\/title>\n<meta name=\"description\" content=\"Wenn Sie ein Zimmer buchen oder sich \u00fcber unsere Preise und Sonderangebote erkundigen m\u00f6chten, kontaktieren Sie uns bitte!\" \/>\n<meta name=\"robots\" content=\"index, follow, max-snippet:-1, max-image-preview:large, max-video-preview:-1\" \/>\n<link rel=\"canonical\" href=\"https:\/\/www.hotelnapoleon.it\/de\/angebote\/\" \/>\n<meta property=\"og:locale\" content=\"de_DE\" \/>\n<meta property=\"og:type\" content=\"article\" \/>\n<meta property=\"og:title\" content=\"Hotelangebote f\u00fcr Biker und Motorradfahrer - Hotel Napoleon\" \/>\n<meta property=\"og:description\" content=\"Wenn Sie ein Zimmer buchen oder sich \u00fcber unsere Preise und Sonderangebote erkundigen m\u00f6chten, kontaktieren Sie uns bitte!\" \/>\n<meta property=\"og:url\" content=\"https:\/\/www.hotelnapoleon.it\/de\/angebote\/\" \/>\n<meta property=\"og:site_name\" content=\"Hotel Napoleon\" \/>\n<meta property=\"article:modified_time\" content=\"2024-03-12T08:51:53+00:00\" \/>\n<meta property=\"og:image\" content=\"https:\/\/www.hotelnapoleon.it\/wp-content\/uploads\/2023\/09\/offerte-hotel-napoleon-banner-01.jpg\" \/>\n\t<meta property=\"og:image:width\" content=\"2000\" \/>\n\t<meta property=\"og:image:height\" content=\"1000\" \/>\n\t<meta property=\"og:image:type\" content=\"image\/jpeg\" \/>\n<meta name=\"twitter:card\" content=\"summary_large_image\" \/>\n<script type=\"application\/ld+json\" class=\"yoast-schema-graph\">{\"@context\":\"https:\/\/schema.org\",\"@graph\":[{\"@type\":\"WebPage\",\"@id\":\"https:\/\/www.hotelnapoleon.it\/de\/angebote\/\",\"url\":\"https:\/\/www.hotelnapoleon.it\/de\/angebote\/\",\"name\":\"Hotelangebote f\u00fcr Biker und Motorradfahrer - Hotel Napoleon\",\"isPartOf\":{\"@id\":\"https:\/\/www.hotelnapoleon.it\/de\/#website\"},\"primaryImageOfPage\":{\"@id\":\"https:\/\/www.hotelnapoleon.it\/de\/angebote\/#primaryimage\"},\"image\":{\"@id\":\"https:\/\/www.hotelnapoleon.it\/de\/angebote\/#primaryimage\"},\"thumbnailUrl\":\"https:\/\/www.hotelnapoleon.it\/wp-content\/uploads\/2023\/09\/offerte-hotel-napoleon-banner-01.jpg\",\"datePublished\":\"2023-09-08T16:02:39+00:00\",\"dateModified\":\"2024-03-12T08:51:53+00:00\",\"description\":\"Wenn Sie ein Zimmer buchen oder sich \u00fcber unsere Preise und Sonderangebote erkundigen m\u00f6chten, kontaktieren Sie uns bitte!\",\"breadcrumb\":{\"@id\":\"https:\/\/www.hotelnapoleon.it\/de\/angebote\/#breadcrumb\"},\"inLanguage\":\"de\",\"potentialAction\":[{\"@type\":\"ReadAction\",\"target\":[\"https:\/\/www.hotelnapoleon.it\/de\/angebote\/\"]}]},{\"@type\":\"ImageObject\",\"inLanguage\":\"de\",\"@id\":\"https:\/\/www.hotelnapoleon.it\/de\/angebote\/#primaryimage\",\"url\":\"https:\/\/www.hotelnapoleon.it\/wp-content\/uploads\/2023\/09\/offerte-hotel-napoleon-banner-01.jpg\",\"contentUrl\":\"https:\/\/www.hotelnapoleon.it\/wp-content\/uploads\/2023\/09\/offerte-hotel-napoleon-banner-01.jpg\",\"width\":2000,\"height\":1000,\"caption\":\"Hotel Napoleon\"},{\"@type\":\"BreadcrumbList\",\"@id\":\"https:\/\/www.hotelnapoleon.it\/de\/angebote\/#breadcrumb\",\"itemListElement\":[{\"@type\":\"ListItem\",\"position\":1,\"name\":\"Home\",\"item\":\"https:\/\/www.hotelnapoleon.it\/de\/\"},{\"@type\":\"ListItem\",\"position\":2,\"name\":\"Angebote\"}]},{\"@type\":\"WebSite\",\"@id\":\"https:\/\/www.hotelnapoleon.it\/de\/#website\",\"url\":\"https:\/\/www.hotelnapoleon.it\/de\/\",\"name\":\"Hotel Napoleon\",\"description\":\"\",\"potentialAction\":[{\"@type\":\"SearchAction\",\"target\":{\"@type\":\"EntryPoint\",\"urlTemplate\":\"https:\/\/www.hotelnapoleon.it\/de\/?s={search_term_string}\"},\"query-input\":{\"@type\":\"PropertyValueSpecification\",\"valueRequired\":true,\"valueName\":\"search_term_string\"}}],\"inLanguage\":\"de\"}]}<\/script>\n<!-- \/ Yoast SEO plugin. -->","yoast_head_json":{"title":"Hotelangebote f\u00fcr Biker und Motorradfahrer - Hotel Napoleon","description":"Wenn Sie ein Zimmer buchen oder sich \u00fcber unsere Preise und Sonderangebote erkundigen m\u00f6chten, kontaktieren Sie uns bitte!","robots":{"index":"index","follow":"follow","max-snippet":"max-snippet:-1","max-image-preview":"max-image-preview:large","max-video-preview":"max-video-preview:-1"},"canonical":"https:\/\/www.hotelnapoleon.it\/de\/angebote\/","og_locale":"de_DE","og_type":"article","og_title":"Hotelangebote f\u00fcr Biker und Motorradfahrer - Hotel Napoleon","og_description":"Wenn Sie ein Zimmer buchen oder sich \u00fcber unsere Preise und Sonderangebote erkundigen m\u00f6chten, kontaktieren Sie uns bitte!","og_url":"https:\/\/www.hotelnapoleon.it\/de\/angebote\/","og_site_name":"Hotel Napoleon","article_modified_time":"2024-03-12T08:51:53+00:00","og_image":[{"width":2000,"height":1000,"url":"https:\/\/www.hotelnapoleon.it\/wp-content\/uploads\/2023\/09\/offerte-hotel-napoleon-banner-01.jpg","type":"image\/jpeg"}],"twitter_card":"summary_large_image","schema":{"@context":"https:\/\/schema.org","@graph":[{"@type":"WebPage","@id":"https:\/\/www.hotelnapoleon.it\/de\/angebote\/","url":"https:\/\/www.hotelnapoleon.it\/de\/angebote\/","name":"Hotelangebote f\u00fcr Biker und Motorradfahrer - Hotel Napoleon","isPartOf":{"@id":"https:\/\/www.hotelnapoleon.it\/de\/#website"},"primaryImageOfPage":{"@id":"https:\/\/www.hotelnapoleon.it\/de\/angebote\/#primaryimage"},"image":{"@id":"https:\/\/www.hotelnapoleon.it\/de\/angebote\/#primaryimage"},"thumbnailUrl":"https:\/\/www.hotelnapoleon.it\/wp-content\/uploads\/2023\/09\/offerte-hotel-napoleon-banner-01.jpg","datePublished":"2023-09-08T16:02:39+00:00","dateModified":"2024-03-12T08:51:53+00:00","description":"Wenn Sie ein Zimmer buchen oder sich \u00fcber unsere Preise und Sonderangebote erkundigen m\u00f6chten, kontaktieren Sie uns bitte!","breadcrumb":{"@id":"https:\/\/www.hotelnapoleon.it\/de\/angebote\/#breadcrumb"},"inLanguage":"de","potentialAction":[{"@type":"ReadAction","target":["https:\/\/www.hotelnapoleon.it\/de\/angebote\/"]}]},{"@type":"ImageObject","inLanguage":"de","@id":"https:\/\/www.hotelnapoleon.it\/de\/angebote\/#primaryimage","url":"https:\/\/www.hotelnapoleon.it\/wp-content\/uploads\/2023\/09\/offerte-hotel-napoleon-banner-01.jpg","contentUrl":"https:\/\/www.hotelnapoleon.it\/wp-content\/uploads\/2023\/09\/offerte-hotel-napoleon-banner-01.jpg","width":2000,"height":1000,"caption":"Hotel Napoleon"},{"@type":"BreadcrumbList","@id":"https:\/\/www.hotelnapoleon.it\/de\/angebote\/#breadcrumb","itemListElement":[{"@type":"ListItem","position":1,"name":"Home","item":"https:\/\/www.hotelnapoleon.it\/de\/"},{"@type":"ListItem","position":2,"name":"Angebote"}]},{"@type":"WebSite","@id":"https:\/\/www.hotelnapoleon.it\/de\/#website","url":"https:\/\/www.hotelnapoleon.it\/de\/","name":"Hotel Napoleon","description":"","potentialAction":[{"@type":"SearchAction","target":{"@type":"EntryPoint","urlTemplate":"https:\/\/www.hotelnapoleon.it\/de\/?s={search_term_string}"},"query-input":{"@type":"PropertyValueSpecification","valueRequired":true,"valueName":"search_term_string"}}],"inLanguage":"de"}]}},"_links":{"self":[{"href":"https:\/\/www.hotelnapoleon.it\/de\/wp-json\/wp\/v2\/pages\/5282","targetHints":{"allow":["GET"]}}],"collection":[{"href":"https:\/\/www.hotelnapoleon.it\/de\/wp-json\/wp\/v2\/pages"}],"about":[{"href":"https:\/\/www.hotelnapoleon.it\/de\/wp-json\/wp\/v2\/types\/page"}],"author":[{"embeddable":true,"href":"https:\/\/www.hotelnapoleon.it\/de\/wp-json\/wp\/v2\/users\/2"}],"replies":[{"embeddable":true,"href":"https:\/\/www.hotelnapoleon.it\/de\/wp-json\/wp\/v2\/comments?post=5282"}],"version-history":[{"count":0,"href":"https:\/\/www.hotelnapoleon.it\/de\/wp-json\/wp\/v2\/pages\/5282\/revisions"}],"wp:featuredmedia":[{"embeddable":true,"href":"https:\/\/www.hotelnapoleon.it\/de\/wp-json\/wp\/v2\/media\/4722"}],"wp:attachment":[{"href":"https:\/\/www.hotelnapoleon.it\/de\/wp-json\/wp\/v2\/media?parent=5282"}],"curies":[{"name":"wp","href":"https:\/\/api.w.org\/{rel}","templated":true}]}}